{"id":307,"date":"2022-04-26T11:19:48","date_gmt":"2022-04-26T11:19:48","guid":{"rendered":"https:\/\/skyluxe.es\/sin%20categor\u00eda\/q7\/"},"modified":"2022-04-28T14:32:20","modified_gmt":"2022-04-28T14:32:20","slug":"q7","status":"publish","type":"product","link":"https:\/\/skyluxe.es\/pt-pt\/split-domestica-1x1\/q7\/","title":{"rendered":"Q7 DC INVERTER"},"content":{"rendered":"<div class=\"wpb-content-wrapper\">[vc_row][vc_column][vc_column_text]\n<ul>\n<li><strong>Ampla faixa de pot\u00eancia:<\/strong> de 2,5 kW a 7,1 kW<\/li>\n<li><strong>Wi-FI Opcional:<\/strong> Controle via celular, Tablet ou dispositivo de voz (Alexa ou Google Home)<\/li>\n<li><strong>Inclui Filtro triplo:<\/strong> Cold Catalyst + Active Carbon + Silver Ion, anti-p\u00f3len e anti-bact\u00e9rias, mantendo o ambiente saud\u00e1vel e livre de impurezas.<\/li>\n<li><strong>Fun\u00e7\u00e3o I Feel:<\/strong> Ajusta a temperatura de acordo com a localiza\u00e7\u00e3o f\u00edsica do controle remoto e a temperatura predefinida na unidade. temporizador 24h<\/li>\n<li><strong>Prote\u00e7\u00e3o Golden Fin:<\/strong> A unidade externa \u00e9 protegida contra climas extremos e corros\u00e3o, prolongando a vida \u00fatil do equipamento<\/li>\n<\/ul>\n[\/vc_column_text][vc_empty_space][vc_custom_heading text=&#8221;Baixar&#8221; use_theme_fonts=&#8221;yes&#8221; css=&#8221;.vc_custom_1651155082931{margin-bottom: -20px !important;}&#8221;][\/vc_column][\/vc_row]\n<\/div>","protected":false},"excerpt":{"rendered":"<p>[vc_row][vc_column][vc_column_text] Ampla faixa de pot\u00eancia: de 2,5 kW a 7,1 kW Wi-FI Opcional: Controle via celular, Tablet ou dispositivo de voz (Alexa ou Google Home) Inclui Filtro triplo: Cold Catalyst + Active Carbon + Silver Ion, anti-p\u00f3len e anti-bact\u00e9rias, mantendo&hellip;<\/p>\n","protected":false},"featured_media":85,"template":"","meta":[],"product_brand":[],"product_cat":[50],"product_tag":[],"class_list":{"0":"post-307","1":"product","2":"type-product","3":"status-publish","4":"has-post-thumbnail","6":"product_cat-split-domestica-1x1","7":"entry","8":"has-media","10":"first","11":"instock","12":"downloadable","13":"virtual","14":"product-type-simple","15":"col","16":"wpex-woo-entry","17":"span_1_of_4"},"_links":{"self":[{"href":"https:\/\/skyluxe.es\/pt-pt\/wp-json\/wp\/v2\/product\/307","targetHints":{"allow":["GET"]}}],"collection":[{"href":"https:\/\/skyluxe.es\/pt-pt\/wp-json\/wp\/v2\/product"}],"about":[{"href":"https:\/\/skyluxe.es\/pt-pt\/wp-json\/wp\/v2\/types\/product"}],"wp:featuredmedia":[{"embeddable":true,"href":"https:\/\/skyluxe.es\/pt-pt\/wp-json\/wp\/v2\/media\/85"}],"wp:attachment":[{"href":"https:\/\/skyluxe.es\/pt-pt\/wp-json\/wp\/v2\/media?parent=307"}],"wp:term":[{"taxonomy":"product_brand","embeddable":true,"href":"https:\/\/skyluxe.es\/pt-pt\/wp-json\/wp\/v2\/product_brand?post=307"},{"taxonomy":"product_cat","embeddable":true,"href":"https:\/\/skyluxe.es\/pt-pt\/wp-json\/wp\/v2\/product_cat?post=307"},{"taxonomy":"product_tag","embeddable":true,"href":"https:\/\/skyluxe.es\/pt-pt\/wp-json\/wp\/v2\/product_tag?post=307"}],"curies":[{"name":"wp","href":"https:\/\/api.w.org\/{rel}","templated":true}]}}