{"id":306,"date":"2022-04-27T13:56:08","date_gmt":"2022-04-27T13:56:08","guid":{"rendered":"https:\/\/skyluxe.es\/sin%20categor\u00eda\/q8\/"},"modified":"2022-04-28T14:31:40","modified_gmt":"2022-04-28T14:31:40","slug":"q8","status":"publish","type":"product","link":"https:\/\/skyluxe.es\/pt-pt\/split-domestica-1x1\/q8\/","title":{"rendered":"Q8 DC INVERTER"},"content":{"rendered":"<div class=\"wpb-content-wrapper\">[vc_row][vc_column][vc_column_text]\n<ul>\n<li><strong>Faixa de pot\u00eancia:<\/strong> de 5 kW a 7,1 kW<\/li>\n<li><strong>Prote\u00e7\u00e3o Golden Fin:<\/strong> A unidade externa \u00e9 protegida contra climas extremos e corros\u00e3o, prolongando a vida \u00fatil do equipamento<\/li>\n<li><strong>Fun\u00e7\u00e3o Turbo:<\/strong> Para resfriar ou aquecer seu ambiente de forma r\u00e1pida e eficiente, operando na velocidade m\u00e1xima do ventilador por 30 minutos.<\/li>\n<li><strong>Fun\u00e7\u00e3o I Feel:<\/strong> Ajusta a temperatura de acordo com a localiza\u00e7\u00e3o f\u00edsica do controle remoto e a temperatura predefinida na unidade. temporizador 24h<\/li>\n<\/ul>\n[\/vc_column_text][vc_empty_space][vc_custom_heading text=&#8221;Baixar&#8221; use_theme_fonts=&#8221;yes&#8221; css=&#8221;.vc_custom_1651155084444{margin-bottom: -20px !important;}&#8221;][\/vc_column][\/vc_row]\n<\/div>","protected":false},"excerpt":{"rendered":"<p>[vc_row][vc_column][vc_column_text] Faixa de pot\u00eancia: de 5 kW a 7,1 kW Prote\u00e7\u00e3o Golden Fin: A unidade externa \u00e9 protegida contra climas extremos e corros\u00e3o, prolongando a vida \u00fatil do equipamento Fun\u00e7\u00e3o Turbo: Para resfriar ou aquecer seu ambiente de forma r\u00e1pida&hellip;<\/p>\n","protected":false},"featured_media":152,"template":"","meta":[],"product_brand":[],"product_cat":[50],"product_tag":[],"class_list":{"0":"post-306","1":"product","2":"type-product","3":"status-publish","4":"has-post-thumbnail","6":"product_cat-split-domestica-1x1","7":"entry","8":"has-media","10":"first","11":"instock","12":"downloadable","13":"virtual","14":"product-type-simple","15":"col","16":"wpex-woo-entry","17":"span_1_of_4"},"_links":{"self":[{"href":"https:\/\/skyluxe.es\/pt-pt\/wp-json\/wp\/v2\/product\/306","targetHints":{"allow":["GET"]}}],"collection":[{"href":"https:\/\/skyluxe.es\/pt-pt\/wp-json\/wp\/v2\/product"}],"about":[{"href":"https:\/\/skyluxe.es\/pt-pt\/wp-json\/wp\/v2\/types\/product"}],"wp:featuredmedia":[{"embeddable":true,"href":"https:\/\/skyluxe.es\/pt-pt\/wp-json\/wp\/v2\/media\/152"}],"wp:attachment":[{"href":"https:\/\/skyluxe.es\/pt-pt\/wp-json\/wp\/v2\/media?parent=306"}],"wp:term":[{"taxonomy":"product_brand","embeddable":true,"href":"https:\/\/skyluxe.es\/pt-pt\/wp-json\/wp\/v2\/product_brand?post=306"},{"taxonomy":"product_cat","embeddable":true,"href":"https:\/\/skyluxe.es\/pt-pt\/wp-json\/wp\/v2\/product_cat?post=306"},{"taxonomy":"product_tag","embeddable":true,"href":"https:\/\/skyluxe.es\/pt-pt\/wp-json\/wp\/v2\/product_tag?post=306"}],"curies":[{"name":"wp","href":"https:\/\/api.w.org\/{rel}","templated":true}]}}