{"id":305,"date":"2022-04-27T14:07:18","date_gmt":"2022-04-27T14:07:18","guid":{"rendered":"https:\/\/skyluxe.es\/sin%20categor\u00eda\/calentador-serie-rubi\/"},"modified":"2022-04-28T14:32:53","modified_gmt":"2022-04-28T14:32:53","slug":"calentador-serie-rubi","status":"publish","type":"product","link":"https:\/\/skyluxe.es\/pt-pt\/agua-quente-sanitaria\/aquecedores\/calentador-serie-rubi\/","title":{"rendered":"CALENTADOR SERIE RUB\u00cd."},"content":{"rendered":"<div class=\"wpb-content-wrapper\">[vc_row][vc_column][vc_column_text]\n<ul>\n<li><strong>Pronto para ErP<\/strong><\/li>\n<li><strong>Grande produ\u00e7\u00e3o de AQS:<\/strong> 11L\/min<\/li>\n<li><strong>Falha de chama durante a opera\u00e7\u00e3o:<\/strong> Quando a chama se apaga durante a opera\u00e7\u00e3o, o aquecedor ativar\u00e1 o termostato de seguran\u00e7a.<\/li>\n<li><strong>Fun\u00e7\u00e3o antibloqueio:<\/strong> No caso de o tubo de escape ficar bloqueado, o termostato do coletor de gases de combust\u00e3o desligar\u00e1 o g\u00e1s para manter a seguran\u00e7a.<\/li>\n<li><strong>Display multifuncional<\/strong> com tela de LED<\/li>\n<li>Isolamento de poliuretano de alta densidade<\/li>\n<\/ul>\n[\/vc_column_text][vc_empty_space][vc_custom_heading text=&#8221;Baixar&#8221; use_theme_fonts=&#8221;yes&#8221; css=&#8221;.vc_custom_1651155086131{margin-bottom: -20px !important;}&#8221;][\/vc_column][\/vc_row]\n<\/div>","protected":false},"excerpt":{"rendered":"<p>[vc_row][vc_column][vc_column_text] Pronto para ErP Grande produ\u00e7\u00e3o de AQS: 11L\/min Falha de chama durante a opera\u00e7\u00e3o: Quando a chama se apaga durante a opera\u00e7\u00e3o, o aquecedor ativar\u00e1 o termostato de seguran\u00e7a. Fun\u00e7\u00e3o antibloqueio: No caso de o tubo de escape ficar&hellip;<\/p>\n","protected":false},"featured_media":286,"template":"","meta":[],"product_brand":[],"product_cat":[47],"product_tag":[],"class_list":{"0":"post-305","1":"product","2":"type-product","3":"status-publish","4":"has-post-thumbnail","6":"product_cat-aquecedores","7":"entry","8":"has-media","10":"first","11":"instock","12":"downloadable","13":"virtual","14":"product-type-simple","15":"col","16":"wpex-woo-entry","17":"span_1_of_4"},"_links":{"self":[{"href":"https:\/\/skyluxe.es\/pt-pt\/wp-json\/wp\/v2\/product\/305","targetHints":{"allow":["GET"]}}],"collection":[{"href":"https:\/\/skyluxe.es\/pt-pt\/wp-json\/wp\/v2\/product"}],"about":[{"href":"https:\/\/skyluxe.es\/pt-pt\/wp-json\/wp\/v2\/types\/product"}],"wp:featuredmedia":[{"embeddable":true,"href":"https:\/\/skyluxe.es\/pt-pt\/wp-json\/wp\/v2\/media\/286"}],"wp:attachment":[{"href":"https:\/\/skyluxe.es\/pt-pt\/wp-json\/wp\/v2\/media?parent=305"}],"wp:term":[{"taxonomy":"product_brand","embeddable":true,"href":"https:\/\/skyluxe.es\/pt-pt\/wp-json\/wp\/v2\/product_brand?post=305"},{"taxonomy":"product_cat","embeddable":true,"href":"https:\/\/skyluxe.es\/pt-pt\/wp-json\/wp\/v2\/product_cat?post=305"},{"taxonomy":"product_tag","embeddable":true,"href":"https:\/\/skyluxe.es\/pt-pt\/wp-json\/wp\/v2\/product_tag?post=305"}],"curies":[{"name":"wp","href":"https:\/\/api.w.org\/{rel}","templated":true}]}}