{"id":304,"date":"2022-04-27T14:30:20","date_gmt":"2022-04-27T14:30:20","guid":{"rendered":"https:\/\/skyluxe.es\/sin%20categor\u00eda\/termo-serie-volga\/"},"modified":"2022-04-28T14:31:22","modified_gmt":"2022-04-28T14:31:22","slug":"termo-serie-volga","status":"publish","type":"product","link":"https:\/\/skyluxe.es\/pt-pt\/agua-quente-sanitaria\/agua-eletrico\/termo-serie-volga\/","title":{"rendered":"TERMO SERIE VOLGA"},"content":{"rendered":"<div class=\"wpb-content-wrapper\">[vc_row][vc_column][vc_column_text]\n<ul>\n<li>Modelos de 50, 80 e 100 litros<\/li>\n<li><strong>M\u00faltiplos dispositivos de prote\u00e7\u00e3o e seguran\u00e7a,<\/strong> como prote\u00e7\u00e3o de aquecimento e secagem, prote\u00e7\u00e3o de alta temperatura e alta press\u00e3o de \u00e1gua<\/li>\n<li><strong>Recipiente interno esmaltado,<\/strong> fabricado com t\u00e9cnicas avan\u00e7adas anti-mofo, \u00e0 prova de corros\u00e3o e resist\u00eancia \u00e0 incrusta\u00e7\u00e3o<\/li>\n<li>Isolamento t\u00e9rmico espesso<strong> PUF \/ EPS eficiente<\/strong> e economia de eletricidade.<\/li>\n<li><strong>\u00c2nodo eletr\u00f4nico<\/strong> que evita a corros\u00e3o e \u00e9 duradouro<\/li>\n<\/ul>\n[\/vc_column_text][vc_empty_space][vc_custom_heading text=&#8221;Baixar&#8221; use_theme_fonts=&#8221;yes&#8221; css=&#8221;.vc_custom_1651155087354{margin-bottom: -20px !important;}&#8221;][\/vc_column][\/vc_row]\n<\/div>","protected":false},"excerpt":{"rendered":"<p>[vc_row][vc_column][vc_column_text] Modelos de 50, 80 e 100 litros M\u00faltiplos dispositivos de prote\u00e7\u00e3o e seguran\u00e7a, como prote\u00e7\u00e3o de aquecimento e secagem, prote\u00e7\u00e3o de alta temperatura e alta press\u00e3o de \u00e1gua Recipiente interno esmaltado, fabricado com t\u00e9cnicas avan\u00e7adas anti-mofo, \u00e0 prova de&hellip;<\/p>\n","protected":false},"featured_media":187,"template":"","meta":[],"product_brand":[],"product_cat":[49],"product_tag":[],"class_list":{"0":"post-304","1":"product","2":"type-product","3":"status-publish","4":"has-post-thumbnail","6":"product_cat-agua-eletrico","7":"entry","8":"has-media","10":"first","11":"instock","12":"downloadable","13":"virtual","14":"product-type-simple","15":"col","16":"wpex-woo-entry","17":"span_1_of_4"},"_links":{"self":[{"href":"https:\/\/skyluxe.es\/pt-pt\/wp-json\/wp\/v2\/product\/304","targetHints":{"allow":["GET"]}}],"collection":[{"href":"https:\/\/skyluxe.es\/pt-pt\/wp-json\/wp\/v2\/product"}],"about":[{"href":"https:\/\/skyluxe.es\/pt-pt\/wp-json\/wp\/v2\/types\/product"}],"wp:featuredmedia":[{"embeddable":true,"href":"https:\/\/skyluxe.es\/pt-pt\/wp-json\/wp\/v2\/media\/187"}],"wp:attachment":[{"href":"https:\/\/skyluxe.es\/pt-pt\/wp-json\/wp\/v2\/media?parent=304"}],"wp:term":[{"taxonomy":"product_brand","embeddable":true,"href":"https:\/\/skyluxe.es\/pt-pt\/wp-json\/wp\/v2\/product_brand?post=304"},{"taxonomy":"product_cat","embeddable":true,"href":"https:\/\/skyluxe.es\/pt-pt\/wp-json\/wp\/v2\/product_cat?post=304"},{"taxonomy":"product_tag","embeddable":true,"href":"https:\/\/skyluxe.es\/pt-pt\/wp-json\/wp\/v2\/product_tag?post=304"}],"curies":[{"name":"wp","href":"https:\/\/api.w.org\/{rel}","templated":true}]}}