{"id":302,"date":"2022-04-27T14:41:23","date_gmt":"2022-04-27T14:41:23","guid":{"rendered":"https:\/\/skyluxe.es\/sin%20categor\u00eda\/gama-iris\/"},"modified":"2022-04-28T14:23:31","modified_gmt":"2022-04-28T14:23:31","slug":"gama-iris","status":"publish","type":"product","link":"https:\/\/skyluxe.es\/pt-pt\/desumidificadores\/gama-iris\/","title":{"rendered":"GAMA IRIS"},"content":{"rendered":"<div class=\"wpb-content-wrapper\">[vc_row][vc_column][vc_column_text]\n<ul>\n<li>Capacidade de desumidifica\u00e7\u00e3o de 12 L<\/li>\n<li><strong>Visor LED:<\/strong> Para selecionar o n\u00edvel de desumidifica\u00e7\u00e3o da sala e poder verificar o indicador de n\u00edvel de enchimento<\/li>\n<li><strong>Reinicializa\u00e7\u00e3o autom\u00e1tica:<\/strong> Se o dispositivo for desligado inesperadamente devido a falta de energia, ele ser\u00e1 reinicializado automaticamente para as configura\u00e7\u00f5es de fun\u00e7\u00e3o anteriores quando a energia for restaurada.<\/li>\n<li><strong>Tanque de \u00e1gua remov\u00edvel<\/strong><\/li>\n<\/ul>\n[\/vc_column_text][vc_empty_space][vc_custom_heading text=&#8221;Baixar&#8221; use_theme_fonts=&#8221;yes&#8221; css=&#8221;.vc_custom_1651155090315{margin-bottom: -20px !important;}&#8221;][\/vc_column][\/vc_row]\n<\/div>","protected":false},"excerpt":{"rendered":"<p>[vc_row][vc_column][vc_column_text] Capacidade de desumidifica\u00e7\u00e3o de 12 L Visor LED: Para selecionar o n\u00edvel de desumidifica\u00e7\u00e3o da sala e poder verificar o indicador de n\u00edvel de enchimento Reinicializa\u00e7\u00e3o autom\u00e1tica: Se o dispositivo for desligado inesperadamente devido a falta de energia, ele&hellip;<\/p>\n","protected":false},"featured_media":225,"template":"","meta":[],"product_brand":[],"product_cat":[48],"product_tag":[],"class_list":{"0":"post-302","1":"product","2":"type-product","3":"status-publish","4":"has-post-thumbnail","6":"product_cat-desumidificadores","7":"entry","8":"has-media","10":"first","11":"instock","12":"downloadable","13":"virtual","14":"product-type-simple","15":"col","16":"wpex-woo-entry","17":"span_1_of_4"},"_links":{"self":[{"href":"https:\/\/skyluxe.es\/pt-pt\/wp-json\/wp\/v2\/product\/302","targetHints":{"allow":["GET"]}}],"collection":[{"href":"https:\/\/skyluxe.es\/pt-pt\/wp-json\/wp\/v2\/product"}],"about":[{"href":"https:\/\/skyluxe.es\/pt-pt\/wp-json\/wp\/v2\/types\/product"}],"wp:featuredmedia":[{"embeddable":true,"href":"https:\/\/skyluxe.es\/pt-pt\/wp-json\/wp\/v2\/media\/225"}],"wp:attachment":[{"href":"https:\/\/skyluxe.es\/pt-pt\/wp-json\/wp\/v2\/media?parent=302"}],"wp:term":[{"taxonomy":"product_brand","embeddable":true,"href":"https:\/\/skyluxe.es\/pt-pt\/wp-json\/wp\/v2\/product_brand?post=302"},{"taxonomy":"product_cat","embeddable":true,"href":"https:\/\/skyluxe.es\/pt-pt\/wp-json\/wp\/v2\/product_cat?post=302"},{"taxonomy":"product_tag","embeddable":true,"href":"https:\/\/skyluxe.es\/pt-pt\/wp-json\/wp\/v2\/product_tag?post=302"}],"curies":[{"name":"wp","href":"https:\/\/api.w.org\/{rel}","templated":true}]}}