{"id":301,"date":"2022-04-27T14:46:07","date_gmt":"2022-04-27T14:46:07","guid":{"rendered":"https:\/\/skyluxe.es\/sin%20categor\u00eda\/gama-temis\/"},"modified":"2022-04-28T14:21:40","modified_gmt":"2022-04-28T14:21:40","slug":"gama-temis","status":"publish","type":"product","link":"https:\/\/skyluxe.es\/pt-pt\/desumidificadores\/gama-temis\/","title":{"rendered":"GAMA TEMIS"},"content":{"rendered":"<div class=\"wpb-content-wrapper\">[vc_row][vc_column][vc_column_text]\n<ul>\n<li>Capacidade de desumidifica\u00e7\u00e3o de 20 L<\/li>\n<li><strong>Indicador de n\u00edvel de enchimento:<\/strong> Acende quando o balde est\u00e1 pronto para ser esvaziado,<\/li>\n<li><strong>Desligamento autom\u00e1tico:<\/strong> O desumidificador desliga quando est\u00e1 cheio<\/li>\n<li>Conector de drenagem externo<\/li>\n<li>F\u00e1cil de transportar<\/li>\n<li><strong>Auto Defrost:<\/strong> Quando o gelo se acumula nas bobinas do evaporador, o compressor desliga e o ventilador continua a funcionar at\u00e9 que o gelo desapare\u00e7a.<\/li>\n<\/ul>\n[\/vc_column_text][vc_empty_space][vc_custom_heading text=&#8221;Baixar&#8221; use_theme_fonts=&#8221;yes&#8221; css=&#8221;.vc_custom_1651155092010{margin-bottom: -20px !important;}&#8221;][\/vc_column][\/vc_row]\n<\/div>","protected":false},"excerpt":{"rendered":"<p>[vc_row][vc_column][vc_column_text] Capacidade de desumidifica\u00e7\u00e3o de 20 L Indicador de n\u00edvel de enchimento: Acende quando o balde est\u00e1 pronto para ser esvaziado, Desligamento autom\u00e1tico: O desumidificador desliga quando est\u00e1 cheio Conector de drenagem externo F\u00e1cil de transportar Auto Defrost: Quando o&hellip;<\/p>\n","protected":false},"featured_media":238,"template":"","meta":[],"product_brand":[],"product_cat":[48],"product_tag":[],"class_list":{"0":"post-301","1":"product","2":"type-product","3":"status-publish","4":"has-post-thumbnail","6":"product_cat-desumidificadores","7":"entry","8":"has-media","10":"first","11":"instock","12":"downloadable","13":"virtual","14":"product-type-simple","15":"col","16":"wpex-woo-entry","17":"span_1_of_4"},"_links":{"self":[{"href":"https:\/\/skyluxe.es\/pt-pt\/wp-json\/wp\/v2\/product\/301","targetHints":{"allow":["GET"]}}],"collection":[{"href":"https:\/\/skyluxe.es\/pt-pt\/wp-json\/wp\/v2\/product"}],"about":[{"href":"https:\/\/skyluxe.es\/pt-pt\/wp-json\/wp\/v2\/types\/product"}],"wp:featuredmedia":[{"embeddable":true,"href":"https:\/\/skyluxe.es\/pt-pt\/wp-json\/wp\/v2\/media\/238"}],"wp:attachment":[{"href":"https:\/\/skyluxe.es\/pt-pt\/wp-json\/wp\/v2\/media?parent=301"}],"wp:term":[{"taxonomy":"product_brand","embeddable":true,"href":"https:\/\/skyluxe.es\/pt-pt\/wp-json\/wp\/v2\/product_brand?post=301"},{"taxonomy":"product_cat","embeddable":true,"href":"https:\/\/skyluxe.es\/pt-pt\/wp-json\/wp\/v2\/product_cat?post=301"},{"taxonomy":"product_tag","embeddable":true,"href":"https:\/\/skyluxe.es\/pt-pt\/wp-json\/wp\/v2\/product_tag?post=301"}],"curies":[{"name":"wp","href":"https:\/\/api.w.org\/{rel}","templated":true}]}}