{"id":300,"date":"2022-04-27T15:11:50","date_gmt":"2022-04-27T15:11:50","guid":{"rendered":"https:\/\/skyluxe.es\/sin%20categor\u00eda\/calentador-serie-onix-estanco\/"},"modified":"2022-04-28T14:21:13","modified_gmt":"2022-04-28T14:21:13","slug":"aquecedor-serie-onix-a-agua","status":"publish","type":"product","link":"https:\/\/skyluxe.es\/pt-pt\/agua-quente-sanitaria\/aquecedores\/aquecedor-serie-onix-a-agua\/","title":{"rendered":"AQUECEDOR S\u00c9RIE ONIX \u00c0 \u00c1GUA"},"content":{"rendered":"<div class=\"wpb-content-wrapper\">[vc_row][vc_column][vc_column_text]\n<ul>\n<li><strong>Projeto de veda\u00e7\u00e3o:<\/strong> A entrada e a exaust\u00e3o de ar s\u00e3o completamente isoladas do ar na sala, para que o aquecedor de \u00e1gua possa ser instalado no banheiro.<\/li>\n<li><strong>Grande produ\u00e7\u00e3o de AQS:<\/strong> 11L\/min<\/li>\n<li><strong>Tela de toque multifuncional<\/strong> e controle de tecla de toque eletr\u00f4nico<\/li>\n<li><strong>Novo design ultrafino<\/strong><\/li>\n<li><strong>C\u00e2mara de Combust\u00e3o Avan\u00e7ada:<\/strong> Adota o modo de combust\u00e3o proporcional obrigat\u00f3rio para controlar a combust\u00e3o no estado ideal com alta efici\u00eancia t\u00e9rmica, seguran\u00e7a e economia de energia.<\/li>\n<li><strong>Prote\u00e7\u00e3o contra superaquecimento:<\/strong> O aquecedor de \u00e1gua cortar\u00e1 automaticamente o g\u00e1s e parar\u00e1 de funcionar quando a temperatura da \u00e1gua que sai do aquecedor de \u00e1gua exceder 90\u00b0C ou ocorrer queima seca.<\/li>\n<\/ul>\n[\/vc_column_text][vc_empty_space][vc_custom_heading text=&#8221;Baixar&#8221; use_theme_fonts=&#8221;yes&#8221; css=&#8221;.vc_custom_1651155046034{margin-bottom: -20px !important;}&#8221;][\/vc_column][\/vc_row]\n<\/div>","protected":false},"excerpt":{"rendered":"<p>[vc_row][vc_column][vc_column_text] Projeto de veda\u00e7\u00e3o: A entrada e a exaust\u00e3o de ar s\u00e3o completamente isoladas do ar na sala, para que o aquecedor de \u00e1gua possa ser instalado no banheiro. Grande produ\u00e7\u00e3o de AQS: 11L\/min Tela de toque multifuncional e controle&hellip;<\/p>\n","protected":false},"featured_media":250,"template":"","meta":[],"product_brand":[],"product_cat":[47],"product_tag":[],"class_list":{"0":"post-300","1":"product","2":"type-product","3":"status-publish","4":"has-post-thumbnail","6":"product_cat-aquecedores","7":"entry","8":"has-media","10":"first","11":"instock","12":"downloadable","13":"virtual","14":"product-type-simple","15":"col","16":"wpex-woo-entry","17":"span_1_of_4"},"_links":{"self":[{"href":"https:\/\/skyluxe.es\/pt-pt\/wp-json\/wp\/v2\/product\/300","targetHints":{"allow":["GET"]}}],"collection":[{"href":"https:\/\/skyluxe.es\/pt-pt\/wp-json\/wp\/v2\/product"}],"about":[{"href":"https:\/\/skyluxe.es\/pt-pt\/wp-json\/wp\/v2\/types\/product"}],"wp:featuredmedia":[{"embeddable":true,"href":"https:\/\/skyluxe.es\/pt-pt\/wp-json\/wp\/v2\/media\/250"}],"wp:attachment":[{"href":"https:\/\/skyluxe.es\/pt-pt\/wp-json\/wp\/v2\/media?parent=300"}],"wp:term":[{"taxonomy":"product_brand","embeddable":true,"href":"https:\/\/skyluxe.es\/pt-pt\/wp-json\/wp\/v2\/product_brand?post=300"},{"taxonomy":"product_cat","embeddable":true,"href":"https:\/\/skyluxe.es\/pt-pt\/wp-json\/wp\/v2\/product_cat?post=300"},{"taxonomy":"product_tag","embeddable":true,"href":"https:\/\/skyluxe.es\/pt-pt\/wp-json\/wp\/v2\/product_tag?post=300"}],"curies":[{"name":"wp","href":"https:\/\/api.w.org\/{rel}","templated":true}]}}