{"id":308,"date":"2022-02-16T07:39:14","date_gmt":"2022-02-16T07:39:14","guid":{"rendered":"https:\/\/skyluxe.es\/principal\/"},"modified":"2022-04-29T06:22:24","modified_gmt":"2022-04-29T06:22:24","slug":"principal","status":"publish","type":"page","link":"https:\/\/skyluxe.es\/pt-pt\/","title":{"rendered":"Principal"},"content":{"rendered":"<div class=\"wpb-content-wrapper\">[vc_row full_width=&#8221;stretch_row_content_no_spaces&#8221; remove_bottom_col_margin=&#8221;true&#8221;][vc_column]<div class=\"avt_masterslider_el \" >\n\t\t<!-- MasterSlider -->\n\t\t<div id=\"P_MS69e91b2a194cb\" class=\"master-slider-parent ms-parent-id-2\" style=\"\" >\n\n\t\t\t\n\t\t\t<!-- MasterSlider Main -->\n\t\t\t<div id=\"MS69e91b2a194cb\" class=\"master-slider ms-skin-default\" >\n\t\t\t\t \t\t\t\t \n<div class=\"ms-overlay-layers\">\t\t\t\t\t<img decoding=\"async\"  class=\"ms-layer\" src=\"https:\/\/skyluxe.es\/wp-content\/plugins\/masterslider\/public\/assets\/css\/blank.gif\" data-src=\"https:\/\/skyluxe.es\/wp-content\/uploads\/2017\/03\/offroad-bg-slide1.jpg\" alt=\"\" style=\"\"     data-ease=\"easeOutQuint\"        data-type=\"image\"          data-wait=\"true\" data-offset-x=\"0\" data-offset-y=\"0\" data-origin=\"tl\"  \/>\n\n<\/div>\n\t\t\t<div  class=\"ms-slide\" data-delay=\"5\" data-fill-mode=\"fill\"  data-id=\"slide1\"  >\n\t\t\t\t\t<img decoding=\"async\" src=\"https:\/\/skyluxe.es\/wp-content\/plugins\/masterslider\/public\/assets\/css\/blank.gif\" alt=\"\" title=\"offroad-bg-slide1\" data-src=\"https:\/\/skyluxe.es\/wp-content\/uploads\/2022\/04\/carrusel.jpg\" \/>\n\n\t\t\t\t\t<div  class=\"ms-layer  msp-cn-1-26\" style=\"\"   data-effect=\"t(true,100,n,n,n,n,n,n,n,n,n,n,n,n,n)\" data-duration=\"2000\" data-delay=\"800\" data-ease=\"easeOutQuint\"                data-offset-x=\"255\" data-offset-y=\"206\" data-origin=\"tl\"   >\nO CONFORTO<\/div>\n\n\t\t\t\t\t<div  class=\"ms-layer  msp-cn-1-28\" style=\"\"   data-effect=\"t(true,180,n,n,n,n,n,n,n,n,n,n,n,n,n)\" data-duration=\"2000\" data-delay=\"1200\" data-ease=\"easeOutQuint\"                data-offset-x=\"523\" data-offset-y=\"328\" data-origin=\"tl\"   >\nAO SEU ALCANCE<\/div>\n\n\n\t\t\t\t<\/div>\n\n\t\t\t<\/div>\n\t\t\t<!-- END MasterSlider Main -->\n\n\t\t\t \n\t\t<\/div>\n\t\t<!-- END MasterSlider -->\n\n\t\t<script>\n\t\t( window.MSReady = window.MSReady || [] ).push( function( $ ) {\n\n\t\t\t\"use strict\";\n\t\t\tvar masterslider_94cb = new MasterSlider();\n\n\t\t\t\/\/ slider controls\n\t\t\t\/\/ slider setup\n\t\t\tmasterslider_94cb.setup(\"MS69e91b2a194cb\", {\n\t\t\t\twidth           : 1366,\n\t\t\t\theight          : 780,\n\t\t\t\tminHeight       : 0,\n\t\t\t\tspace           : 0,\n\t\t\t\tstart           : 1,\n\t\t\t\tgrabCursor      : false,\n\t\t\t\tswipe           : false,\n\t\t\t\tmouse           : false,\n\t\t\t\tkeyboard        : false,\n\t\t\t\tlayout          : \"fullwidth\",\n\t\t\t\twheel           : false,\n\t\t\t\tautoplay        : false,\n                instantStartLayers:false,\n\t\t\t\tmobileBGVideo:false,\n\t\t\t\tloop            : true,\n\t\t\t\tshuffle         : false,\n\t\t\t\tpreload         : 0,\n\t\t\t\theightLimit     : true,\n\t\t\t\tautoHeight      : false,\n\t\t\t\tsmoothHeight    : true,\n\t\t\t\tendPause        : true,\n\t\t\t\toverPause       : true,\n\t\t\t\tfillMode        : \"fill\",\n\t\t\t\tcenterControls  : false,\n\t\t\t\tstartOnAppear   : false,\n\t\t\t\tlayersMode      : \"center\",\n\t\t\t\tautofillTarget  : \"\",\n\t\t\t\thideLayers      : false,\n\t\t\t\tfullscreenMargin: 0,\n\t\t\t\tspeed           : 20,\n\t\t\t\tdir             : \"h\",\n\t\t\t\tresponsive      : true,\n\t\t\t\ttabletWidth     : 768,\n\t\t\t\ttabletHeight    : null,\n\t\t\t\tphoneWidth      : 480,\n\t\t\t\tphoneHeight    : null,\n\t\t\t\tsizingReference : window,\n\t\t\t\tparallaxMode    : 'swipe',\n\t\t\t\tview            : \"parallaxMask\"\n\t\t\t});\n\n\t\t\t\n\t\t\twindow.masterslider_instances = window.masterslider_instances || [];\n\t\t\twindow.masterslider_instances.push( masterslider_94cb );\n\t\t});\n\t\t<\/script>\n\n<\/div>[\/vc_column][\/vc_row][vc_row column_spacing=&#8221;60&#8243; gap=&#8221;35&#8243; css=&#8221;.vc_custom_1620214199855{padding-top: 60px !important;padding-bottom: 20px !important;}&#8221;][vc_column width=&#8221;1\/2&#8243;][vc_custom_heading text=&#8221;Skyluxe, conforto ao seu alcance.&#8221; font_container=&#8221;tag:h1|text_align:left&#8221; use_theme_fonts=&#8221;yes&#8221;][vc_empty_space][vc_column_text]\n<div class=\"elementor-column elementor-col-33 elementor-inner-column elementor-element elementor-element-928182a\" data-id=\"928182a\" data-element_type=\"column\">\n<div class=\"elementor-column-wrap elementor-element-populated\">\n<div class=\"elementor-widget-wrap\">\n<div class=\"elementor-element elementor-element-59f9a77 elementor-widget elementor-widget-text-editor\" data-id=\"59f9a77\" data-element_type=\"widget\" data-widget_type=\"text-editor.default\">\n<div class=\"elementor-widget-container\">\n<div class=\"elementor-text-editor elementor-clearfix\">\n<p>A marca espanhola Skyluxe, sob o lema &#8220;Conforto na ponta dos dedos&#8221;, pretende integrar as melhores solu\u00e7\u00f5es de climatiza\u00e7\u00e3o, \u00e1gua quente sanit\u00e1ria e desumidificadores para cobrir todas as necessidades dos consumidores com a mais valia de fornecer um produto de excel\u00eancia e o melhor valor do mercado .<\/p>\n<p>Contando tamb\u00e9m com o apoio e a confian\u00e7a de uma empresa com mais de 10 anos de hist\u00f3ria no setor.<\/p><\/div>\n<\/div>\n<\/div>\n<\/div>\n<\/div>\n<\/div>\n[\/vc_column_text][\/vc_column][vc_column width=&#8221;1\/2&#8243;][vc_single_image image=&#8221;104&#8243;][\/vc_column][\/vc_row][vc_row column_spacing=&#8221;40&#8243;][vc_column][vc_custom_heading text=&#8221;Nossos produtos&#8221; use_theme_fonts=&#8221;yes&#8221;][vc_empty_space]<div class=\"woocommerce columns-3\">\n\t<ul class=\"products wpex-row wpex-clr gap-15\">\n\n<li class=\"product-category product first col span_1_of_3\">\n\t<a aria-label=\"Visit product category Split dom\u00e9stica 1\u00d71\" href=\"https:\/\/skyluxe.es\/pt-pt\/split-domestica-1x1\/\"><img decoding=\"async\" loading=\"lazy\" alt=\"Split Dom\u00e9stica 1\u00d71\" src=\"https:\/\/skyluxe.es\/wp-content\/uploads\/2022\/04\/domestica.jpg\" width=\"1200\" height=\"1200\" \/>\t\t<h2 class=\"woocommerce-loop-category__title\">\n\t\t\tSplit dom\u00e9stica 1\u00d71 <mark class=\"count\">(2)<\/mark>\t\t<\/h2>\n\t\t<\/a><\/li>\n<li class=\"product-category product col span_1_of_3\">\n\t<a aria-label=\"Visit product category Desumidificadores\" href=\"https:\/\/skyluxe.es\/pt-pt\/desumidificadores\/\"><img decoding=\"async\" loading=\"lazy\" alt=\"Desumidificadores\" src=\"https:\/\/skyluxe.es\/wp-content\/uploads\/2022\/04\/deshumidificadores.jpg\" width=\"1200\" height=\"1200\" \/>\t\t<h2 class=\"woocommerce-loop-category__title\">\n\t\t\tDesumidificadores <mark class=\"count\">(2)<\/mark>\t\t<\/h2>\n\t\t<\/a><\/li>\n<li class=\"product-category product last col span_1_of_3\">\n\t<a aria-label=\"Visit product category \u00c1gua Quente Sanit\u00e1ria\" href=\"https:\/\/skyluxe.es\/pt-pt\/agua-quente-sanitaria\/\"><img decoding=\"async\" loading=\"lazy\" alt=\"\u00c1gua Quente Sanit\u00e1ria\" src=\"https:\/\/skyluxe.es\/wp-content\/uploads\/2022\/04\/agua_caliente_sanitaria.jpg\" width=\"1200\" height=\"1200\" \/>\t\t<h2 class=\"woocommerce-loop-category__title\">\n\t\t\t\u00c1gua Quente Sanit\u00e1ria <mark class=\"count\">(4)<\/mark>\t\t<\/h2>\n\t\t<\/a><\/li>\n<\/ul>\n<\/div>[vc_empty_space][vc_custom_heading text=&#8221;Pontos de venda&#8221; use_theme_fonts=&#8221;yes&#8221; css=&#8221;.vc_custom_1651213252994{margin-bottom: -45px !important;}&#8221;][\/vc_column][\/vc_row][vc_row full_width=&#8221;stretch_row_content_no_spaces&#8221; column_spacing=&#8221;40&#8243; css=&#8221;.vc_custom_1651213154365{margin-top: -30px !important;}&#8221; el_id=&#8221;mapaweb&#8221;][vc_column][vc_empty_space][vc_column_text][\/vc_column_text][\/vc_column][\/vc_row]\n<\/div>","protected":false},"excerpt":{"rendered":"<p>[vc_row full_width=&#8221;stretch_row_content_no_spaces&#8221; remove_bottom_col_margin=&#8221;true&#8221;][vc_column][\/vc_column][\/vc_row][vc_row column_spacing=&#8221;60&#8243; gap=&#8221;35&#8243; css=&#8221;.vc_custom_1620214199855{padding-top: 60px !important;padding-bottom: 20px !important;}&#8221;][vc_column width=&#8221;1\/2&#8243;][vc_custom_heading text=&#8221;Skyluxe, conforto ao seu alcance.&#8221; font_container=&#8221;tag:h1|text_align:left&#8221; use_theme_fonts=&#8221;yes&#8221;][vc_empty_space][vc_column_text] A marca espanhola Skyluxe, sob o lema &#8220;Conforto na ponta dos dedos&#8221;, pretende integrar as melhores solu\u00e7\u00f5es de climatiza\u00e7\u00e3o, \u00e1gua quente sanit\u00e1ria&hellip;<\/p>\n","protected":false},"author":2,"featured_media":0,"parent":0,"menu_order":0,"comment_status":"closed","ping_status":"closed","template":"","meta":{"footnotes":""},"class_list":["post-308","page","type-page","status-publish","hentry","entry","no-media"],"_links":{"self":[{"href":"https:\/\/skyluxe.es\/pt-pt\/wp-json\/wp\/v2\/pages\/308","targetHints":{"allow":["GET"]}}],"collection":[{"href":"https:\/\/skyluxe.es\/pt-pt\/wp-json\/wp\/v2\/pages"}],"about":[{"href":"https:\/\/skyluxe.es\/pt-pt\/wp-json\/wp\/v2\/types\/page"}],"author":[{"embeddable":true,"href":"https:\/\/skyluxe.es\/pt-pt\/wp-json\/wp\/v2\/users\/2"}],"replies":[{"embeddable":true,"href":"https:\/\/skyluxe.es\/pt-pt\/wp-json\/wp\/v2\/comments?post=308"}],"version-history":[{"count":15,"href":"https:\/\/skyluxe.es\/pt-pt\/wp-json\/wp\/v2\/pages\/308\/revisions"}],"predecessor-version":[{"id":376,"href":"https:\/\/skyluxe.es\/pt-pt\/wp-json\/wp\/v2\/pages\/308\/revisions\/376"}],"wp:attachment":[{"href":"https:\/\/skyluxe.es\/pt-pt\/wp-json\/wp\/v2\/media?parent=308"}],"curies":[{"name":"wp","href":"https:\/\/api.w.org\/{rel}","templated":true}]}}